{"id":384,"date":"2025-12-17T16:45:10","date_gmt":"2025-12-17T16:45:10","guid":{"rendered":"https:\/\/spositoyasociados.com\/?page_id=384"},"modified":"2025-12-17T16:45:10","modified_gmt":"2025-12-17T16:45:10","slug":"terminos-condiciones","status":"publish","type":"page","link":"https:\/\/spositoyasociados.com\/en\/terminos-condiciones\/","title":{"rendered":"Terms and conditions"},"content":{"rendered":"<h2>Use of the Site<\/h2>\n<p>The user agrees to use the Site in a lawful manner, respecting current legislation and the rights of third parties. It is prohibited to use the Site for fraudulent activities, unauthorized commercial purposes, or activities that may affect its operation.<\/p>\n<h2>Intellectual Property<\/h2>\n<p>All content on the Site\u2014including text, images, graphics, logos, trademarks, designs, and code\u2014is the property of \u00a9 Sp\u00f3sito y Asociados or third parties who have authorized its use. Its total or partial reproduction without prior authorization is prohibited.<\/p>\n<h2>Information and Content<\/h2>\n<p>The information published on the Site is provided for guidance purposes only. \u00a9 Sp\u00f3sito y Asociados does not guarantee its accuracy or permanent availability and may modify or update content when it deems necessary.<\/p>\n<h2>Sale of Products \/ Provision of Services<\/h2>\n<p>In the event that the Site includes the sale of products or services, the specific conditions of each purchase shall prevail over these general terms and conditions. The user agrees to provide accurate and complete information when making a transaction.<\/p>\n<h2>Third-Party Links<\/h2>\n<p>The Site may include links to external websites. \u00a9 Sp\u00f3sito y Asociados is not responsible for the content, practices, or privacy policies of such sites.<\/p>\n<h2>Limitation of Liability<\/h2>\n<p>\u00a9 Sp\u00f3sito y Asociados shall not be liable for any direct or indirect damages arising from the use or inability to use the Site, including technical failures, interruptions, or loss of data.<\/p>\n<h2>Privacy and Data Protection<\/h2>\n<p>La recopilaci\u00f3n y uso de datos personales se rige por nuestra Pol\u00edtica de Privacidad. Al utilizar el Sitio, el usuario acepta dicha pol\u00edtica.<\/p>\n<h2>Modifications<\/h2>\n<p>\u00a9 Sp\u00f3sito y Asociados reserves the right to update these Terms and Conditions without prior notice. The current version will always be the one published on the Site.<\/p>\n<h2>Contact<\/h2>\n<p class=\"translation-block\">For inquiries, please contact <a href=\"mailto:info@spositoyasociados.com\" target=\"_blank\" rel=\"noopener\" data-fpl-component=\"\u201cprimitive\u201d\">info@spositoyasociados.com<\/a>.<\/p>","protected":false},"excerpt":{"rendered":"<p>Uso del Sitio El usuario se compromete a utilizar el Sitio de manera l\u00edcita, respetando la legislaci\u00f3n vigente y los derechos de terceros. Queda prohibido el uso del Sitio para actividades fraudulentas, con fines comerciales no autorizados o que puedan afectar su funcionamiento. Propiedad Intelectual Todos los contenidos del Sitio \u2014incluyendo textos, im\u00e1genes, gr\u00e1ficos, logotipos, [&hellip;]<\/p>","protected":false},"author":2,"featured_media":0,"parent":0,"menu_order":9,"comment_status":"closed","ping_status":"closed","template":"","meta":{"_acf_changed":false,"footnotes":""},"class_list":["post-384","page","type-page","status-publish","hentry"],"acf":[],"yoast_head":"<!-- This site is optimized with the Yoast SEO plugin v27.0 - https:\/\/yoast.com\/product\/yoast-seo-wordpress\/ -->\n<title>T\u00e9rminos &amp; Condiciones - S&amp;A<\/title>\n<meta name=\"robots\" content=\"index, follow, max-snippet:-1, max-image-preview:large, max-video-preview:-1\" \/>\n<link rel=\"canonical\" href=\"https:\/\/spositoyasociados.com\/en\/terminos-condiciones\/\" \/>\n<meta property=\"og:locale\" content=\"en_US\" \/>\n<meta property=\"og:type\" content=\"article\" \/>\n<meta property=\"og:title\" content=\"T\u00e9rminos &amp; Condiciones - S&amp;A\" \/>\n<meta property=\"og:description\" content=\"Uso del Sitio El usuario se compromete a utilizar el Sitio de manera l\u00edcita, respetando la legislaci\u00f3n vigente y los derechos de terceros. Queda prohibido el uso del Sitio para actividades fraudulentas, con fines comerciales no autorizados o que puedan afectar su funcionamiento. Propiedad Intelectual Todos los contenidos del Sitio \u2014incluyendo textos, im\u00e1genes, gr\u00e1ficos, logotipos, [&hellip;]\" \/>\n<meta property=\"og:url\" content=\"https:\/\/spositoyasociados.com\/en\/terminos-condiciones\/\" \/>\n<meta property=\"og:site_name\" content=\"S&amp;A\" \/>\n<meta property=\"og:image\" content=\"https:\/\/spositoyasociados.com\/wp-content\/uploads\/2026\/02\/og.jpg\" \/>\n\t<meta property=\"og:image:width\" content=\"1200\" \/>\n\t<meta property=\"og:image:height\" content=\"675\" \/>\n\t<meta property=\"og:image:type\" content=\"image\/jpeg\" \/>\n<meta name=\"twitter:card\" content=\"summary_large_image\" \/>\n<meta name=\"twitter:label1\" content=\"Est. reading time\" \/>\n\t<meta name=\"twitter:data1\" content=\"2 minutes\" \/>\n<script type=\"application\/ld+json\" class=\"yoast-schema-graph\">{\"@context\":\"https:\/\/schema.org\",\"@graph\":[{\"@type\":\"WebPage\",\"@id\":\"https:\/\/spositoyasociados.com\/terminos-condiciones\/\",\"url\":\"https:\/\/spositoyasociados.com\/terminos-condiciones\/\",\"name\":\"T\u00e9rminos & Condiciones - S&A\",\"isPartOf\":{\"@id\":\"https:\/\/spositoyasociados.com\/#website\"},\"datePublished\":\"2025-12-17T16:45:10+00:00\",\"breadcrumb\":{\"@id\":\"https:\/\/spositoyasociados.com\/terminos-condiciones\/#breadcrumb\"},\"inLanguage\":\"en-US\",\"potentialAction\":[{\"@type\":\"ReadAction\",\"target\":[\"https:\/\/spositoyasociados.com\/terminos-condiciones\/\"]}]},{\"@type\":\"BreadcrumbList\",\"@id\":\"https:\/\/spositoyasociados.com\/terminos-condiciones\/#breadcrumb\",\"itemListElement\":[{\"@type\":\"ListItem\",\"position\":1,\"name\":\"Portada\",\"item\":\"https:\/\/spositoyasociados.com\/\"},{\"@type\":\"ListItem\",\"position\":2,\"name\":\"T\u00e9rminos &#038; Condiciones\"}]},{\"@type\":\"WebSite\",\"@id\":\"https:\/\/spositoyasociados.com\/#website\",\"url\":\"https:\/\/spositoyasociados.com\/\",\"name\":\"S&A\",\"description\":\"Sp\u00f3sito &amp; Asociados\",\"publisher\":{\"@id\":\"https:\/\/spositoyasociados.com\/#organization\"},\"potentialAction\":[{\"@type\":\"SearchAction\",\"target\":{\"@type\":\"EntryPoint\",\"urlTemplate\":\"https:\/\/spositoyasociados.com\/?s={search_term_string}\"},\"query-input\":{\"@type\":\"PropertyValueSpecification\",\"valueRequired\":true,\"valueName\":\"search_term_string\"}}],\"inLanguage\":\"en-US\"},{\"@type\":\"Organization\",\"@id\":\"https:\/\/spositoyasociados.com\/#organization\",\"name\":\"S&A\",\"url\":\"https:\/\/spositoyasociados.com\/\",\"logo\":{\"@type\":\"ImageObject\",\"inLanguage\":\"en-US\",\"@id\":\"https:\/\/spositoyasociados.com\/#\/schema\/logo\/image\/\",\"url\":\"https:\/\/spositoyasociados.com\/wp-content\/uploads\/2025\/12\/logo.svg\",\"contentUrl\":\"https:\/\/spositoyasociados.com\/wp-content\/uploads\/2025\/12\/logo.svg\",\"caption\":\"S&A\"},\"image\":{\"@id\":\"https:\/\/spositoyasociados.com\/#\/schema\/logo\/image\/\"}}]}<\/script>\n<!-- \/ Yoast SEO plugin. -->","yoast_head_json":{"title":"T\u00e9rminos & Condiciones - S&A","robots":{"index":"index","follow":"follow","max-snippet":"max-snippet:-1","max-image-preview":"max-image-preview:large","max-video-preview":"max-video-preview:-1"},"canonical":"https:\/\/spositoyasociados.com\/en\/terminos-condiciones\/","og_locale":"en_US","og_type":"article","og_title":"T\u00e9rminos & Condiciones - S&A","og_description":"Uso del Sitio El usuario se compromete a utilizar el Sitio de manera l\u00edcita, respetando la legislaci\u00f3n vigente y los derechos de terceros. Queda prohibido el uso del Sitio para actividades fraudulentas, con fines comerciales no autorizados o que puedan afectar su funcionamiento. Propiedad Intelectual Todos los contenidos del Sitio \u2014incluyendo textos, im\u00e1genes, gr\u00e1ficos, logotipos, [&hellip;]","og_url":"https:\/\/spositoyasociados.com\/en\/terminos-condiciones\/","og_site_name":"S&A","og_image":[{"width":1200,"height":675,"url":"https:\/\/spositoyasociados.com\/wp-content\/uploads\/2026\/02\/og.jpg","type":"image\/jpeg"}],"twitter_card":"summary_large_image","twitter_misc":{"Est. reading time":"2 minutes"},"schema":{"@context":"https:\/\/schema.org","@graph":[{"@type":"WebPage","@id":"https:\/\/spositoyasociados.com\/terminos-condiciones\/","url":"https:\/\/spositoyasociados.com\/terminos-condiciones\/","name":"T\u00e9rminos & Condiciones - S&A","isPartOf":{"@id":"https:\/\/spositoyasociados.com\/#website"},"datePublished":"2025-12-17T16:45:10+00:00","breadcrumb":{"@id":"https:\/\/spositoyasociados.com\/terminos-condiciones\/#breadcrumb"},"inLanguage":"en-US","potentialAction":[{"@type":"ReadAction","target":["https:\/\/spositoyasociados.com\/terminos-condiciones\/"]}]},{"@type":"BreadcrumbList","@id":"https:\/\/spositoyasociados.com\/terminos-condiciones\/#breadcrumb","itemListElement":[{"@type":"ListItem","position":1,"name":"Portada","item":"https:\/\/spositoyasociados.com\/"},{"@type":"ListItem","position":2,"name":"T\u00e9rminos &#038; Condiciones"}]},{"@type":"WebSite","@id":"https:\/\/spositoyasociados.com\/#website","url":"https:\/\/spositoyasociados.com\/","name":"S&A","description":"has built more than","publisher":{"@id":"https:\/\/spositoyasociados.com\/#organization"},"potentialAction":[{"@type":"SearchAction","target":{"@type":"EntryPoint","urlTemplate":"https:\/\/spositoyasociados.com\/?s={search_term_string}"},"query-input":{"@type":"PropertyValueSpecification","valueRequired":true,"valueName":"search_term_string"}}],"inLanguage":"en-US"},{"@type":"Organization","@id":"https:\/\/spositoyasociados.com\/#organization","name":"S&A","url":"https:\/\/spositoyasociados.com\/","logo":{"@type":"ImageObject","inLanguage":"en-US","@id":"https:\/\/spositoyasociados.com\/#\/schema\/logo\/image\/","url":"https:\/\/spositoyasociados.com\/wp-content\/uploads\/2025\/12\/logo.svg","contentUrl":"https:\/\/spositoyasociados.com\/wp-content\/uploads\/2025\/12\/logo.svg","caption":"S&A"},"image":{"@id":"https:\/\/spositoyasociados.com\/#\/schema\/logo\/image\/"}}]}},"_links":{"self":[{"href":"https:\/\/spositoyasociados.com\/en\/wp-json\/wp\/v2\/pages\/384","targetHints":{"allow":["GET"]}}],"collection":[{"href":"https:\/\/spositoyasociados.com\/en\/wp-json\/wp\/v2\/pages"}],"about":[{"href":"https:\/\/spositoyasociados.com\/en\/wp-json\/wp\/v2\/types\/page"}],"author":[{"embeddable":true,"href":"https:\/\/spositoyasociados.com\/en\/wp-json\/wp\/v2\/users\/2"}],"replies":[{"embeddable":true,"href":"https:\/\/spositoyasociados.com\/en\/wp-json\/wp\/v2\/comments?post=384"}],"version-history":[{"count":0,"href":"https:\/\/spositoyasociados.com\/en\/wp-json\/wp\/v2\/pages\/384\/revisions"}],"wp:attachment":[{"href":"https:\/\/spositoyasociados.com\/en\/wp-json\/wp\/v2\/media?parent=384"}],"curies":[{"name":"wp","href":"https:\/\/api.w.org\/{rel}","templated":true}]}}